{"id":84,"date":"2024-12-09T15:32:05","date_gmt":"2024-12-09T15:32:05","guid":{"rendered":"http:\/\/webmirror.handinhand-ferien.de\/?page_id=84"},"modified":"2024-12-22T16:21:47","modified_gmt":"2024-12-22T16:21:47","slug":"impressum","status":"publish","type":"page","link":"https:\/\/handinhand-ferien.de\/?page_id=84","title":{"rendered":"Impressum"},"content":{"rendered":"\n<p class=\"has-text-align-center\"><strong>Herausgeber<\/strong><br>&nbsp; Ferienhaus Hand in Hand;&nbsp;gemeinn\u00fctziger Verein g.e.V.<br>Bodenseestra\u00dfe 19<br>88138 &nbsp;Sigmarszell&nbsp;<br><br>e-Mail: rezeption@handinhand-ferien.de<\/p>\n\n\n\n<p><strong>Hinweise<\/strong><\/p>\n\n\n\n<p>Alle Angaben auf den Internetseiten des Ferienhauses wurden von uns sorgf\u00e4ltig gepr\u00fcft. Der Verein Ferienhaus Hand in Hand g.e.V. \u00fcbernimmt keine Haftung oder Garantie f\u00fcr die Richtigkeit bzw. Vollst\u00e4ndigkeit der auf diesen Internetseiten enthaltenen Informationen.<br>Derselbe Verein \u00fcbernimmt keine Verantwortung f\u00fcr die Inhalte von Webseiten, auf die von unseren Internetseiten verwiesen (verlinkt) wird.<\/p>\n\n\n\n<p><strong>Copyright&nbsp;<\/strong>\u00a9<\/p>\n\n\n\n<p>Die Struktur und die Inhalte der Internetseiten des &nbsp;sind urheberrechtlich gesch\u00fctzt.&nbsp;Die Vervielf\u00e4ltigung von Informationen und Inhalten dieser Internetseiten bedarf der ausdr\u00fccklichen Zustimmung des des Vereins Ferienhaus Hand in Hand.<\/p>\n\n\n\n<p><strong>Disclaimer<\/strong><\/p>\n\n\n\n<p>Mit Urteil vom 12. Mai 1998 hat das Landgericht Hamburg entschieden, dass man durch die Anbringung eines Links, die Inhalte der gelinkten Seite ggf. mitzuverantworten hat. Dies kann, so dass Landgericht Hamburg, nur dadurch verhindert werden, dass man sich ausdr\u00fccklich von diesen Inhalten distanziert.<\/p>\n\n\n\n<p>Der Verein Hand in Hand g.e.V. hat auf diesen Seiten Links zu anderen Seiten im Internet gelegt.F\u00fcr alle diese Links gilt: Der Verein Ferienhaus Hand in Hand e.V. erkl\u00e4rt ausdr\u00fccklich, dass er keinen Einfluss auf die Gestaltung und Inhalte der gelinkten Seiten hat. Deshalb distanzieren wir uns von allen Inhalten der gelinkten Seiten auf dieser Homepage und machen uns diese Inhalte nicht zu eigen. Diese Erkl\u00e4rung gilt f\u00fcr alle Inhalte der Seiten, zu denen Banner und Links f\u00fchren. Der Verein Hand in Hand e.V. \u00fcbernimmt keine Verantwortung f\u00fcr Inhalte, Fehlerfreiheit und Rechtm\u00e4\u00dfigkeit von Internetseiten Dritter.<\/p>\n","protected":false},"excerpt":{"rendered":"<p>Herausgeber&nbsp; Ferienhaus Hand in Hand;&nbsp;gemeinn\u00fctziger Verein g.e.V.Bodenseestra\u00dfe 1988138 &nbsp;Sigmarszell&nbsp; e-Mail: rezeption@handinhand-ferien.de Hinweise Alle Angaben auf den Internetseiten des Ferienhauses wurden [&hellip;]<\/p>\n","protected":false},"author":2,"featured_media":0,"parent":0,"menu_order":0,"comment_status":"closed","ping_status":"closed","template":"","meta":{"site-sidebar-layout":"default","site-content-layout":"","ast-site-content-layout":"","site-content-style":"default","site-sidebar-style":"default","ast-global-header-display":"","ast-banner-title-visibility":"","ast-main-header-display":"","ast-hfb-above-header-display":"","ast-hfb-below-header-display":"","ast-hfb-mobile-header-display":"","site-post-title":"","ast-breadcrumbs-content":"","ast-featured-img":"","footer-sml-layout":"","theme-transparent-header-meta":"","adv-header-id-meta":"","stick-header-meta":"","header-above-stick-meta":"","header-main-stick-meta":"","header-below-stick-meta":"","astra-migrate-meta-layouts":"default","ast-page-background-enabled":"default","ast-page-background-meta":{"desktop":{"background-color":"var(--ast-global-color-4)","background-image":"","background-repeat":"repeat","background-position":"center center","background-size":"auto","background-attachment":"scroll","background-type":"","background-media":"","overlay-type":"","overlay-color":"","overlay-opacity":"","overlay-gradient":""},"tablet":{"background-color":"","background-image":"","background-repeat":"repeat","background-position":"center center","background-size":"auto","background-attachment":"scroll","background-type":"","background-media":"","overlay-type":"","overlay-color":"","overlay-opacity":"","overlay-gradient":""},"mobile":{"background-color":"","background-image":"","background-repeat":"repeat","background-position":"center center","background-size":"auto","background-attachment":"scroll","background-type":"","background-media":"","overlay-type":"","overlay-color":"","overlay-opacity":"","overlay-gradient":""}},"ast-content-background-meta":{"desktop":{"background-color":"var(--ast-global-color-5)","background-image":"","background-repeat":"repeat","background-position":"center center","background-size":"auto","background-attachment":"scroll","background-type":"","background-media":"","overlay-type":"","overlay-color":"","overlay-opacity":"","overlay-gradient":""},"tablet":{"background-color":"var(--ast-global-color-5)","background-image":"","background-repeat":"repeat","background-position":"center center","background-size":"auto","background-attachment":"scroll","background-type":"","background-media":"","overlay-type":"","overlay-color":"","overlay-opacity":"","overlay-gradient":""},"mobile":{"background-color":"var(--ast-global-color-5)","background-image":"","background-repeat":"repeat","background-position":"center center","background-size":"auto","background-attachment":"scroll","background-type":"","background-media":"","overlay-type":"","overlay-color":"","overlay-opacity":"","overlay-gradient":""}},"footnotes":""},"class_list":["post-84","page","type-page","status-publish","hentry"],"_links":{"self":[{"href":"https:\/\/handinhand-ferien.de\/index.php?rest_route=\/wp\/v2\/pages\/84","targetHints":{"allow":["GET"]}}],"collection":[{"href":"https:\/\/handinhand-ferien.de\/index.php?rest_route=\/wp\/v2\/pages"}],"about":[{"href":"https:\/\/handinhand-ferien.de\/index.php?rest_route=\/wp\/v2\/types\/page"}],"author":[{"embeddable":true,"href":"https:\/\/handinhand-ferien.de\/index.php?rest_route=\/wp\/v2\/users\/2"}],"replies":[{"embeddable":true,"href":"https:\/\/handinhand-ferien.de\/index.php?rest_route=%2Fwp%2Fv2%2Fcomments&post=84"}],"version-history":[{"count":2,"href":"https:\/\/handinhand-ferien.de\/index.php?rest_route=\/wp\/v2\/pages\/84\/revisions"}],"predecessor-version":[{"id":282,"href":"https:\/\/handinhand-ferien.de\/index.php?rest_route=\/wp\/v2\/pages\/84\/revisions\/282"}],"wp:attachment":[{"href":"https:\/\/handinhand-ferien.de\/index.php?rest_route=%2Fwp%2Fv2%2Fmedia&parent=84"}],"curies":[{"name":"wp","href":"https:\/\/api.w.org\/{rel}","templated":true}]}}