{"id":74,"date":"2024-12-09T15:30:25","date_gmt":"2024-12-09T15:30:25","guid":{"rendered":"http:\/\/webmirror.handinhand-ferien.de\/?page_id=74"},"modified":"2024-12-27T16:18:15","modified_gmt":"2024-12-27T16:18:15","slug":"25-jahre-ferienhaus","status":"publish","type":"page","link":"https:\/\/handinhand-ferien.de\/?page_id=74","title":{"rendered":"25 Jahre Ferienhaus"},"content":{"rendered":"\n<h4 class=\"wp-block-heading\">Die t\u00fcchtigen Mitarbeiterinnen und Mitarbeiter zusammen mit einigen G\u00e4sten:<\/h4>\n\n\n\n<figure class=\"wp-block-image size-large\"><img decoding=\"async\" src=\"https:\/\/handinhand-ferien.de\/wp-content\/uploads\/2024\/12\/1-1024x685.webp\" alt=\"\"\/><\/figure>\n\n\n\n<div class=\"wp-block-media-text is-stacked-on-mobile\" style=\"margin-top:var(--wp--preset--spacing--40);margin-bottom:var(--wp--preset--spacing--40)\"><figure class=\"wp-block-media-text__media\"><img loading=\"lazy\" decoding=\"async\" width=\"1024\" height=\"685\" src=\"http:\/\/handinhand-ferien.de\/wp-content\/uploads\/2024\/12\/2-1024x685.webp\" alt=\"\" class=\"wp-image-284 size-full\" srcset=\"https:\/\/handinhand-ferien.de\/wp-content\/uploads\/2024\/12\/2-1024x685.webp 1024w, https:\/\/handinhand-ferien.de\/wp-content\/uploads\/2024\/12\/2-300x201.webp 300w, https:\/\/handinhand-ferien.de\/wp-content\/uploads\/2024\/12\/2-768x514.webp 768w, https:\/\/handinhand-ferien.de\/wp-content\/uploads\/2024\/12\/2.webp 1344w\" sizes=\"auto, (max-width: 1024px) 100vw, 1024px\" \/><\/figure><div class=\"wp-block-media-text__content\">\n<p>Clown Stefan, Katharina Reinelt, ihre Familie und Walter Matzner empfangen die G\u00e4ste<\/p>\n<\/div><\/div>\n\n\n\n<figure class=\"wp-block-gallery has-nested-images columns-4 is-cropped wp-block-gallery-1 is-layout-flex wp-block-gallery-is-layout-flex\">\n<figure class=\"wp-block-image size-large\"><img decoding=\"async\" src=\"https:\/\/handinhand-ferien.de\/wp-content\/uploads\/2024\/12\/3-1024x685.webp\" alt=\"\"\/><\/figure>\n\n\n\n<figure class=\"wp-block-image size-large\"><img decoding=\"async\" src=\"https:\/\/handinhand-ferien.de\/wp-content\/uploads\/2024\/12\/4-1024x685.webp\" alt=\"\"\/><\/figure>\n\n\n\n<figure class=\"wp-block-image size-large\"><img decoding=\"async\" src=\"https:\/\/handinhand-ferien.de\/wp-content\/uploads\/2024\/12\/5-1024x685.webp\" alt=\"\"\/><\/figure>\n\n\n\n<figure class=\"wp-block-image size-large\"><img decoding=\"async\" src=\"https:\/\/handinhand-ferien.de\/wp-content\/uploads\/2024\/12\/6-1024x685.webp\" alt=\"\"\/><\/figure>\n\n\n\n<figure class=\"wp-block-image size-large\"><img decoding=\"async\" src=\"https:\/\/handinhand-ferien.de\/wp-content\/uploads\/2024\/12\/7-1024x685.webp\" alt=\"\"\/><\/figure>\n\n\n\n<figure class=\"wp-block-image size-large\"><img decoding=\"async\" src=\"https:\/\/handinhand-ferien.de\/wp-content\/uploads\/2024\/12\/8-1024x685.webp\" alt=\"\"\/><\/figure>\n\n\n\n<figure class=\"wp-block-image size-large\"><img decoding=\"async\" src=\"https:\/\/handinhand-ferien.de\/wp-content\/uploads\/2024\/12\/9-1024x770.webp\" alt=\"\"\/><\/figure>\n<\/figure>\n\n\n\n<p>Freunde, G\u00f6nner, Bekannte und Verwandte kommen:<\/p>\n\n\n\n<figure class=\"wp-block-gallery has-nested-images columns-default is-cropped wp-block-gallery-2 is-layout-flex wp-block-gallery-is-layout-flex\">\n<figure class=\"wp-block-image size-large\"><img decoding=\"async\" src=\"https:\/\/handinhand-ferien.de\/wp-content\/uploads\/2024\/12\/11-1-1024x685.webp\" alt=\"\"\/><\/figure>\n<\/figure>\n\n\n\n<p>Nach einer kurzen Ansprache des Vorsitzenden Walter Matzner und einer Pause zum Mittagessen unterh\u00e4lt die Brass Band aus B\u00f6senreutin die zahlreichen G\u00e4ste mit fetziger Musik. Und dann begeistert der Wangener Kasper.<\/p>\n\n\n\n<figure class=\"wp-block-gallery has-nested-images columns-default is-cropped wp-block-gallery-3 is-layout-flex wp-block-gallery-is-layout-flex\">\n<figure class=\"wp-block-image size-large\"><img decoding=\"async\" src=\"https:\/\/handinhand-ferien.de\/wp-content\/uploads\/2024\/12\/12-1024x678.webp\" alt=\"\"\/><\/figure>\n<\/figure>\n\n\n\n<p>Lea Veser zeigt ihr akrobatisches K\u00f6nnen, ehe der Wangener Kasper die G\u00e4ste sehr humorvoll unterh\u00e4lt.<\/p>\n\n\n\n<figure class=\"wp-block-gallery has-nested-images columns-default is-cropped wp-block-gallery-4 is-layout-flex wp-block-gallery-is-layout-flex\">\n<figure class=\"wp-block-image size-large\"><img decoding=\"async\" src=\"https:\/\/handinhand-ferien.de\/wp-content\/uploads\/2024\/12\/13-1024x685.webp\" alt=\"\"\/><\/figure>\n<\/figure>\n\n\n\n<p>Speisen und Getr\u00e4nke und Spiele<\/p>\n\n\n\n<figure class=\"wp-block-gallery has-nested-images columns-default is-cropped wp-block-gallery-5 is-layout-flex wp-block-gallery-is-layout-flex\">\n<figure class=\"wp-block-image size-large\"><img decoding=\"async\" src=\"https:\/\/handinhand-ferien.de\/wp-content\/uploads\/2024\/12\/Essen_2-scaled-1-1024x769.webp\" alt=\"\"\/><\/figure>\n<\/figure>\n\n\n\n<p>Ballons beenden das Fest.<\/p>\n\n\n\n<figure class=\"wp-block-gallery has-nested-images columns-default is-cropped wp-block-gallery-6 is-layout-flex wp-block-gallery-is-layout-flex\">\n<figure class=\"wp-block-image size-large\"><img decoding=\"async\" src=\"https:\/\/handinhand-ferien.de\/wp-content\/uploads\/2024\/12\/Ballon_3-scaled-1-1024x685.webp\" alt=\"\"\/><\/figure>\n<\/figure>\n\n\n\n<p><\/p>\n","protected":false},"excerpt":{"rendered":"<p>Die t\u00fcchtigen Mitarbeiterinnen und Mitarbeiter zusammen mit einigen G\u00e4sten: Clown Stefan, Katharina Reinelt, ihre Familie und Walter Matzner empfangen die [&hellip;]<\/p>\n","protected":false},"author":2,"featured_media":0,"parent":0,"menu_order":0,"comment_status":"closed","ping_status":"closed","template":"","meta":{"site-sidebar-layout":"default","site-content-layout":"","ast-site-content-layout":"","site-content-style":"default","site-sidebar-style":"default","ast-global-header-display":"","ast-banner-title-visibility":"","ast-main-header-display":"","ast-hfb-above-header-display":"","ast-hfb-below-header-display":"","ast-hfb-mobile-header-display":"","site-post-title":"","ast-breadcrumbs-content":"","ast-featured-img":"","footer-sml-layout":"","theme-transparent-header-meta":"","adv-header-id-meta":"","stick-header-meta":"","header-above-stick-meta":"","header-main-stick-meta":"","header-below-stick-meta":"","astra-migrate-meta-layouts":"default","ast-page-background-enabled":"default","ast-page-background-meta":{"desktop":{"background-color":"var(--ast-global-color-4)","background-image":"","background-repeat":"repeat","background-position":"center center","background-size":"auto","background-attachment":"scroll","background-type":"","background-media":"","overlay-type":"","overlay-color":"","overlay-opacity":"","overlay-gradient":""},"tablet":{"background-color":"","background-image":"","background-repeat":"repeat","background-position":"center center","background-size":"auto","background-attachment":"scroll","background-type":"","background-media":"","overlay-type":"","overlay-color":"","overlay-opacity":"","overlay-gradient":""},"mobile":{"background-color":"","background-image":"","background-repeat":"repeat","background-position":"center center","background-size":"auto","background-attachment":"scroll","background-type":"","background-media":"","overlay-type":"","overlay-color":"","overlay-opacity":"","overlay-gradient":""}},"ast-content-background-meta":{"desktop":{"background-color":"var(--ast-global-color-5)","background-image":"","background-repeat":"repeat","background-position":"center center","background-size":"auto","background-attachment":"scroll","background-type":"","background-media":"","overlay-type":"","overlay-color":"","overlay-opacity":"","overlay-gradient":""},"tablet":{"background-color":"var(--ast-global-color-5)","background-image":"","background-repeat":"repeat","background-position":"center center","background-size":"auto","background-attachment":"scroll","background-type":"","background-media":"","overlay-type":"","overlay-color":"","overlay-opacity":"","overlay-gradient":""},"mobile":{"background-color":"var(--ast-global-color-5)","background-image":"","background-repeat":"repeat","background-position":"center center","background-size":"auto","background-attachment":"scroll","background-type":"","background-media":"","overlay-type":"","overlay-color":"","overlay-opacity":"","overlay-gradient":""}},"footnotes":""},"class_list":["post-74","page","type-page","status-publish","hentry"],"_links":{"self":[{"href":"https:\/\/handinhand-ferien.de\/index.php?rest_route=\/wp\/v2\/pages\/74","targetHints":{"allow":["GET"]}}],"collection":[{"href":"https:\/\/handinhand-ferien.de\/index.php?rest_route=\/wp\/v2\/pages"}],"about":[{"href":"https:\/\/handinhand-ferien.de\/index.php?rest_route=\/wp\/v2\/types\/page"}],"author":[{"embeddable":true,"href":"https:\/\/handinhand-ferien.de\/index.php?rest_route=\/wp\/v2\/users\/2"}],"replies":[{"embeddable":true,"href":"https:\/\/handinhand-ferien.de\/index.php?rest_route=%2Fwp%2Fv2%2Fcomments&post=74"}],"version-history":[{"count":8,"href":"https:\/\/handinhand-ferien.de\/index.php?rest_route=\/wp\/v2\/pages\/74\/revisions"}],"predecessor-version":[{"id":335,"href":"https:\/\/handinhand-ferien.de\/index.php?rest_route=\/wp\/v2\/pages\/74\/revisions\/335"}],"wp:attachment":[{"href":"https:\/\/handinhand-ferien.de\/index.php?rest_route=%2Fwp%2Fv2%2Fmedia&parent=74"}],"curies":[{"name":"wp","href":"https:\/\/api.w.org\/{rel}","templated":true}]}}