{"id":66,"date":"2024-12-09T15:29:20","date_gmt":"2024-12-09T15:29:20","guid":{"rendered":"http:\/\/webmirror.handinhand-ferien.de\/?page_id=66"},"modified":"2026-03-02T08:16:59","modified_gmt":"2026-03-02T08:16:59","slug":"preis-und-leistung","status":"publish","type":"page","link":"https:\/\/handinhand-ferien.de\/?page_id=66","title":{"rendered":"Preis und Leistung"},"content":{"rendered":"\n<p class=\"has-text-align-left\">Leider haben wir durch die Erh\u00f6hung der Geh\u00e4lter f\u00fcr Pflegekr\u00e4fte <br><strong>unsere Tagespauschale geringf\u00fcgig erh\u00f6hen m\u00fcssen auf<\/strong><\/p>\n\n\n\n<p class=\"has-text-align-center\"><strong>278,31 \u20ac<\/strong><\/p>\n\n\n\n<p><strong>Davon ist der Eigenanteil 35,00 \u20ac f\u00fcr Kost und Logis.<\/strong><\/p>\n\n\n\n<p><strong>Die Pflegekasse bezuschusst den Aufenthalt gem. \u00a7 39 SGBXI (Verhinderungspflege) und \u00a7 42 Abs. 3 SGBXI (Kurzzeitpflege).<\/strong> <br><strong>Auch k\u00f6nnen Sie \u00fcber die Eingliederungshilfe gem. \u00a7\u00a7 53 ff SGBXII abrechnen.<\/strong><\/p>\n\n\n\n<p>Darin sind enthalten:<\/p>\n\n\n\n<ul class=\"wp-block-list\">\n<li>Einzel- bzw. Doppelzimmer mit Vollpension<br>24-Stunden-Betreuung durch eine ausgebildete Vollzeitkraft, die im Haus wohnt-<\/li>\n\n\n\n<li>Pflegerische T\u00e4tigkeiten und Nachtbereitschaft<\/li>\n\n\n\n<li>Alle Ausfl\u00fcge, au\u00dfer den Eintrittsgeldern in Museen, Zoos, Parks, etc.<\/li>\n\n\n\n<li>Gegebenenfalls Verabreichung von Medikamenten und Wundpflege sowie Begleitung bei Arztbesuchen (Gemeinschaftspraxis im Ort)<\/li>\n\n\n\n<li>Abholung vom Bahnhof.<\/li>\n<\/ul>\n\n\n\n<p>Bei Buchung bitten wir anhand eines Fragebogens um die Abkl\u00e4rung der Bed\u00fcrfnisse und W\u00fcnsche des zu betreuenden Gastes.<\/p>\n","protected":false},"excerpt":{"rendered":"<p>Leider haben wir durch die Erh\u00f6hung der Geh\u00e4lter f\u00fcr Pflegekr\u00e4fte unsere Tagespauschale geringf\u00fcgig erh\u00f6hen m\u00fcssen auf 278,31 \u20ac Davon ist [&hellip;]<\/p>\n","protected":false},"author":2,"featured_media":0,"parent":0,"menu_order":0,"comment_status":"closed","ping_status":"closed","template":"","meta":{"site-sidebar-layout":"default","site-content-layout":"","ast-site-content-layout":"","site-content-style":"default","site-sidebar-style":"default","ast-global-header-display":"","ast-banner-title-visibility":"","ast-main-header-display":"","ast-hfb-above-header-display":"","ast-hfb-below-header-display":"","ast-hfb-mobile-header-display":"","site-post-title":"","ast-breadcrumbs-content":"","ast-featured-img":"","footer-sml-layout":"","theme-transparent-header-meta":"","adv-header-id-meta":"","stick-header-meta":"","header-above-stick-meta":"","header-main-stick-meta":"","header-below-stick-meta":"","astra-migrate-meta-layouts":"default","ast-page-background-enabled":"default","ast-page-background-meta":{"desktop":{"background-color":"var(--ast-global-color-4)","background-image":"","background-repeat":"repeat","background-position":"center center","background-size":"auto","background-attachment":"scroll","background-type":"","background-media":"","overlay-type":"","overlay-color":"","overlay-opacity":"","overlay-gradient":""},"tablet":{"background-color":"","background-image":"","background-repeat":"repeat","background-position":"center center","background-size":"auto","background-attachment":"scroll","background-type":"","background-media":"","overlay-type":"","overlay-color":"","overlay-opacity":"","overlay-gradient":""},"mobile":{"background-color":"","background-image":"","background-repeat":"repeat","background-position":"center center","background-size":"auto","background-attachment":"scroll","background-type":"","background-media":"","overlay-type":"","overlay-color":"","overlay-opacity":"","overlay-gradient":""}},"ast-content-background-meta":{"desktop":{"background-color":"var(--ast-global-color-5)","background-image":"","background-repeat":"repeat","background-position":"center center","background-size":"auto","background-attachment":"scroll","background-type":"","background-media":"","overlay-type":"","overlay-color":"","overlay-opacity":"","overlay-gradient":""},"tablet":{"background-color":"var(--ast-global-color-5)","background-image":"","background-repeat":"repeat","background-position":"center center","background-size":"auto","background-attachment":"scroll","background-type":"","background-media":"","overlay-type":"","overlay-color":"","overlay-opacity":"","overlay-gradient":""},"mobile":{"background-color":"var(--ast-global-color-5)","background-image":"","background-repeat":"repeat","background-position":"center center","background-size":"auto","background-attachment":"scroll","background-type":"","background-media":"","overlay-type":"","overlay-color":"","overlay-opacity":"","overlay-gradient":""}},"footnotes":""},"class_list":["post-66","page","type-page","status-publish","hentry"],"_links":{"self":[{"href":"https:\/\/handinhand-ferien.de\/index.php?rest_route=\/wp\/v2\/pages\/66","targetHints":{"allow":["GET"]}}],"collection":[{"href":"https:\/\/handinhand-ferien.de\/index.php?rest_route=\/wp\/v2\/pages"}],"about":[{"href":"https:\/\/handinhand-ferien.de\/index.php?rest_route=\/wp\/v2\/types\/page"}],"author":[{"embeddable":true,"href":"https:\/\/handinhand-ferien.de\/index.php?rest_route=\/wp\/v2\/users\/2"}],"replies":[{"embeddable":true,"href":"https:\/\/handinhand-ferien.de\/index.php?rest_route=%2Fwp%2Fv2%2Fcomments&post=66"}],"version-history":[{"count":6,"href":"https:\/\/handinhand-ferien.de\/index.php?rest_route=\/wp\/v2\/pages\/66\/revisions"}],"predecessor-version":[{"id":487,"href":"https:\/\/handinhand-ferien.de\/index.php?rest_route=\/wp\/v2\/pages\/66\/revisions\/487"}],"wp:attachment":[{"href":"https:\/\/handinhand-ferien.de\/index.php?rest_route=%2Fwp%2Fv2%2Fmedia&parent=66"}],"curies":[{"name":"wp","href":"https:\/\/api.w.org\/{rel}","templated":true}]}}