{"id":56,"date":"2024-12-09T15:28:12","date_gmt":"2024-12-09T15:28:12","guid":{"rendered":"http:\/\/webmirror.handinhand-ferien.de\/?page_id=56"},"modified":"2024-12-27T16:27:37","modified_gmt":"2024-12-27T16:27:37","slug":"das-haus","status":"publish","type":"page","link":"https:\/\/handinhand-ferien.de\/?page_id=56","title":{"rendered":"Das Haus"},"content":{"rendered":"\n<p>Wir sind ein&nbsp;kleines Haus. Wir nehmen maximal acht G\u00e4ste auf! Das hei\u00dft, dass unsere G\u00e4ste&nbsp;im Mittelpunkt stehen.<\/p>\n\n\n\n<p>Angeh\u00f6rige k\u00f6nnen die Gewissheit haben, dass ihr Kind, ihre Mutter oder ihr Vater bestens versorgt werden.&nbsp;Daf\u00fcr sorgen engagierte Mitarbeiter, die kei\u00adne M\u00fche scheuen, unseren G\u00e4sten den Auf\u00adent\u00adhalt in Sigmarszell zu einem echten Er\u00adleb\u00ad\u00adnis werden zu lassen.<\/p>\n\n\n\n<figure class=\"wp-block-gallery has-nested-images columns-default is-cropped wp-block-gallery-1 is-layout-flex wp-block-gallery-is-layout-flex\">\n<figure class=\"wp-block-image size-large\"><img decoding=\"async\" src=\"https:\/\/handinhand-ferien.de\/wp-content\/uploads\/2024\/12\/Ferienhaus_1-1024x768.webp\" alt=\"\"\/><figcaption class=\"wp-element-caption\">Das Haus im Sommer &#8230;<\/figcaption><\/figure>\n\n\n\n<figure class=\"wp-block-image size-large\"><img decoding=\"async\" src=\"https:\/\/handinhand-ferien.de\/wp-content\/uploads\/2024\/12\/haus-im-Winter_2-scaled-1-1024x685.webp\" alt=\"\"\/><figcaption class=\"wp-element-caption\">&#8230; und im Winter &#8230;<\/figcaption><\/figure>\n\n\n\n<figure class=\"wp-block-image size-large\"><img decoding=\"async\" src=\"https:\/\/handinhand-ferien.de\/wp-content\/uploads\/2024\/12\/2606n2-134-scaled-1-1024x685.webp\" alt=\"\"\/><figcaption class=\"wp-element-caption\">&#8230; mit einem gro\u00dfen Garten &#8230;<\/figcaption><\/figure>\n\n\n\n<figure class=\"wp-block-image size-large\"><img decoding=\"async\" src=\"https:\/\/handinhand-ferien.de\/wp-content\/uploads\/2024\/12\/Bus_neu1-1024x768.webp\" alt=\"\"\/><figcaption class=\"wp-element-caption\">&#8230; einem Bus &#8230;<\/figcaption><\/figure>\n\n\n\n<figure class=\"wp-block-image size-large\"><img decoding=\"async\" src=\"https:\/\/handinhand-ferien.de\/wp-content\/uploads\/2024\/12\/Schaeferwagen_2-scaled-1-1024x768.webp\" alt=\"\"\/><figcaption class=\"wp-element-caption\">&#8230; und mit einem Sch\u00e4ferwagen, in dem man auch \u00fcbernachten kann. <\/figcaption><\/figure>\n<\/figure>\n\n\n\n<p><\/p>\n","protected":false},"excerpt":{"rendered":"<p>Wir sind ein&nbsp;kleines Haus. Wir nehmen maximal acht G\u00e4ste auf! Das hei\u00dft, dass unsere G\u00e4ste&nbsp;im Mittelpunkt stehen. Angeh\u00f6rige k\u00f6nnen die [&hellip;]<\/p>\n","protected":false},"author":2,"featured_media":0,"parent":0,"menu_order":0,"comment_status":"closed","ping_status":"closed","template":"","meta":{"site-sidebar-layout":"default","site-content-layout":"","ast-site-content-layout":"","site-content-style":"default","site-sidebar-style":"default","ast-global-header-display":"","ast-banner-title-visibility":"","ast-main-header-display":"","ast-hfb-above-header-display":"","ast-hfb-below-header-display":"","ast-hfb-mobile-header-display":"","site-post-title":"","ast-breadcrumbs-content":"","ast-featured-img":"","footer-sml-layout":"","theme-transparent-header-meta":"","adv-header-id-meta":"","stick-header-meta":"","header-above-stick-meta":"","header-main-stick-meta":"","header-below-stick-meta":"","astra-migrate-meta-layouts":"default","ast-page-background-enabled":"default","ast-page-background-meta":{"desktop":{"background-color":"var(--ast-global-color-4)","background-image":"","background-repeat":"repeat","background-position":"center center","background-size":"auto","background-attachment":"scroll","background-type":"","background-media":"","overlay-type":"","overlay-color":"","overlay-opacity":"","overlay-gradient":""},"tablet":{"background-color":"","background-image":"","background-repeat":"repeat","background-position":"center center","background-size":"auto","background-attachment":"scroll","background-type":"","background-media":"","overlay-type":"","overlay-color":"","overlay-opacity":"","overlay-gradient":""},"mobile":{"background-color":"","background-image":"","background-repeat":"repeat","background-position":"center center","background-size":"auto","background-attachment":"scroll","background-type":"","background-media":"","overlay-type":"","overlay-color":"","overlay-opacity":"","overlay-gradient":""}},"ast-content-background-meta":{"desktop":{"background-color":"var(--ast-global-color-5)","background-image":"","background-repeat":"repeat","background-position":"center center","background-size":"auto","background-attachment":"scroll","background-type":"","background-media":"","overlay-type":"","overlay-color":"","overlay-opacity":"","overlay-gradient":""},"tablet":{"background-color":"var(--ast-global-color-5)","background-image":"","background-repeat":"repeat","background-position":"center center","background-size":"auto","background-attachment":"scroll","background-type":"","background-media":"","overlay-type":"","overlay-color":"","overlay-opacity":"","overlay-gradient":""},"mobile":{"background-color":"var(--ast-global-color-5)","background-image":"","background-repeat":"repeat","background-position":"center center","background-size":"auto","background-attachment":"scroll","background-type":"","background-media":"","overlay-type":"","overlay-color":"","overlay-opacity":"","overlay-gradient":""}},"footnotes":""},"class_list":["post-56","page","type-page","status-publish","hentry"],"_links":{"self":[{"href":"https:\/\/handinhand-ferien.de\/index.php?rest_route=\/wp\/v2\/pages\/56","targetHints":{"allow":["GET"]}}],"collection":[{"href":"https:\/\/handinhand-ferien.de\/index.php?rest_route=\/wp\/v2\/pages"}],"about":[{"href":"https:\/\/handinhand-ferien.de\/index.php?rest_route=\/wp\/v2\/types\/page"}],"author":[{"embeddable":true,"href":"https:\/\/handinhand-ferien.de\/index.php?rest_route=\/wp\/v2\/users\/2"}],"replies":[{"embeddable":true,"href":"https:\/\/handinhand-ferien.de\/index.php?rest_route=%2Fwp%2Fv2%2Fcomments&post=56"}],"version-history":[{"count":4,"href":"https:\/\/handinhand-ferien.de\/index.php?rest_route=\/wp\/v2\/pages\/56\/revisions"}],"predecessor-version":[{"id":343,"href":"https:\/\/handinhand-ferien.de\/index.php?rest_route=\/wp\/v2\/pages\/56\/revisions\/343"}],"wp:attachment":[{"href":"https:\/\/handinhand-ferien.de\/index.php?rest_route=%2Fwp%2Fv2%2Fmedia&parent=56"}],"curies":[{"name":"wp","href":"https:\/\/api.w.org\/{rel}","templated":true}]}}