{"id":28,"date":"2024-12-09T12:31:24","date_gmt":"2024-12-09T12:31:24","guid":{"rendered":"http:\/\/webmirror.handinhand-ferien.de\/?page_id=28"},"modified":"2025-02-01T10:39:37","modified_gmt":"2025-02-01T10:39:37","slug":"home","status":"publish","type":"page","link":"https:\/\/handinhand-ferien.de\/","title":{"rendered":"Home"},"content":{"rendered":"\n<h2 class=\"wp-block-heading\">                    Willkommen beim Ferienhaus Hand In Hand<\/h2>\n\n\n\n<div class=\"wp-block-columns is-layout-flex wp-container-core-columns-is-layout-1 wp-block-columns-is-layout-flex\">\n<div class=\"wp-block-column is-layout-flow wp-block-column-is-layout-flow\" style=\"flex-basis:100%\">\n<figure class=\"wp-block-gallery has-nested-images columns-2 is-cropped wp-block-gallery-1 is-layout-flex wp-block-gallery-is-layout-flex\">\n<figure class=\"wp-block-image size-large\"><img decoding=\"async\" src=\"https:\/\/handinhand-ferien.de\/wp-content\/uploads\/2024\/12\/Titl_ol._A.webp\" alt=\"\"\/><\/figure>\n\n\n\n<figure class=\"wp-block-image size-large\"><img decoding=\"async\" src=\"https:\/\/handinhand-ferien.de\/wp-content\/uploads\/2024\/12\/Titl_ulrjpg.webp\" alt=\"\"\/><\/figure>\n\n\n\n<figure class=\"wp-block-image size-large\"><img decoding=\"async\" src=\"https:\/\/handinhand-ferien.de\/wp-content\/uploads\/2024\/12\/Titl_ul.webp\" alt=\"\"\/><\/figure>\n\n\n\n<figure class=\"wp-block-image size-large\"><img decoding=\"async\" src=\"https:\/\/handinhand-ferien.de\/wp-content\/uploads\/2024\/12\/Titl_or_A.jpg\" alt=\"\"\/><\/figure>\n<\/figure>\n<\/div>\n<\/div>\n\n\n\n<p class=\"has-text-align-center\">Versorgen Sie Angeh\u00f6rige, Eltern oder Kin\u00adder mit Behinderung zu Hause?<\/p>\n\n\n\n<p class=\"has-text-align-center\">Haben Sie selbst ein Handikap?&nbsp;<\/p>\n\n\n\n<p class=\"has-text-align-center\">Wollen Sie sich, die Sie ein Handikap haben,&nbsp;von den Anstrengungen und Spannungen des Alltages einmal erholen, um neue Kraft und Energie f\u00fcreinander zu sch\u00f6pfen?<\/p>\n\n\n\n<p class=\"has-text-align-center\">Dann erholen Sie sich selbst&nbsp;oder Ihre Sch\u00fctzlinge in unserem Ferienhaus f\u00fcr Menschen mit Behinderung.<\/p>\n\n\n\n<hr class=\"wp-block-separator has-alpha-channel-opacity is-style-default\"\/>\n\n\n\n<p>Das Erholungshaus nahe des Bodensees mit Blick auf den Pf\u00e4nder liegt&nbsp;in einem 2500 m\u00b2 gro\u00dfen Grundst\u00fcck und ist wie geschaffen f\u00fcr&nbsp;einen abwechslungsreichen Urlaub, um den Alltag zu vergessen.<\/p>\n\n\n\n<p>Ein&nbsp;Markenzeichen unseres Hauses sind die t\u00e4glichen Ausfl\u00fcge f\u00fcr jung und alt.<\/p>\n\n\n\n<div class=\"wp-block-media-text is-stacked-on-mobile\"><figure class=\"wp-block-media-text__media\"><img loading=\"lazy\" decoding=\"async\" width=\"1024\" height=\"768\" src=\"http:\/\/handinhand-ferien.de\/wp-content\/uploads\/2024\/12\/Boot-am-See-scaled-1-1024x768.webp\" alt=\"\" class=\"wp-image-42 size-full\" srcset=\"https:\/\/handinhand-ferien.de\/wp-content\/uploads\/2024\/12\/Boot-am-See-scaled-1-1024x768.webp 1024w, https:\/\/handinhand-ferien.de\/wp-content\/uploads\/2024\/12\/Boot-am-See-scaled-1-300x225.webp 300w, https:\/\/handinhand-ferien.de\/wp-content\/uploads\/2024\/12\/Boot-am-See-scaled-1-768x576.webp 768w, https:\/\/handinhand-ferien.de\/wp-content\/uploads\/2024\/12\/Boot-am-See-scaled-1.webp 1344w\" sizes=\"auto, (max-width: 1024px) 100vw, 1024px\" \/><\/figure><div class=\"wp-block-media-text__content\">\n<p>Im Sommer geht es zum Segeln, Katamaran fahren, in die Berge&#8230;<\/p>\n<\/div><\/div>\n\n\n\n<div style=\"height:6px\" aria-hidden=\"true\" class=\"wp-block-spacer\"><\/div>\n\n\n\n<div class=\"wp-block-media-text has-media-on-the-right is-stacked-on-mobile\"><div class=\"wp-block-media-text__content\">\n<p>bei schlechtem Wetter in Museen, Ausstellungen, &#8230;<br><br><\/p>\n<\/div><figure class=\"wp-block-media-text__media\"><img loading=\"lazy\" decoding=\"async\" width=\"1024\" height=\"768\" src=\"http:\/\/handinhand-ferien.de\/wp-content\/uploads\/2024\/12\/280721c-20-scaled-1-1024x768.webp\" alt=\"\" class=\"wp-image-45 size-full\" srcset=\"https:\/\/handinhand-ferien.de\/wp-content\/uploads\/2024\/12\/280721c-20-scaled-1-1024x768.webp 1024w, https:\/\/handinhand-ferien.de\/wp-content\/uploads\/2024\/12\/280721c-20-scaled-1-300x225.webp 300w, https:\/\/handinhand-ferien.de\/wp-content\/uploads\/2024\/12\/280721c-20-scaled-1-768x576.webp 768w, https:\/\/handinhand-ferien.de\/wp-content\/uploads\/2024\/12\/280721c-20-scaled-1.webp 1344w\" sizes=\"auto, (max-width: 1024px) 100vw, 1024px\" \/><\/figure><\/div>\n\n\n\n<div style=\"height:6px\" aria-hidden=\"true\" class=\"wp-block-spacer\"><\/div>\n\n\n\n<div class=\"wp-block-media-text is-stacked-on-mobile\"><figure class=\"wp-block-media-text__media\"><img loading=\"lazy\" decoding=\"async\" width=\"1024\" height=\"768\" src=\"http:\/\/webmirror.handinhand-ferien.de\/wp-content\/uploads\/2024\/12\/170321a-15-scaled-1-1024x768.webp\" alt=\"\" class=\"wp-image-46 size-full\" srcset=\"https:\/\/handinhand-ferien.de\/wp-content\/uploads\/2024\/12\/170321a-15-scaled-1-1024x768.webp 1024w, https:\/\/handinhand-ferien.de\/wp-content\/uploads\/2024\/12\/170321a-15-scaled-1-300x225.webp 300w, https:\/\/handinhand-ferien.de\/wp-content\/uploads\/2024\/12\/170321a-15-scaled-1-768x576.webp 768w, https:\/\/handinhand-ferien.de\/wp-content\/uploads\/2024\/12\/170321a-15-scaled-1.webp 1344w\" sizes=\"auto, (max-width: 1024px) 100vw, 1024px\" \/><\/figure><div class=\"wp-block-media-text__content\">\n<p>oder im Haus wird gemalt, musiziert, gespielt, gekocht, &#8230; <\/p>\n<\/div><\/div>\n\n\n\n<div style=\"height:6px\" aria-hidden=\"true\" class=\"wp-block-spacer\"><\/div>\n\n\n\n<div class=\"wp-block-media-text has-media-on-the-right is-stacked-on-mobile\"><div class=\"wp-block-media-text__content\">\n<p>und auch in Freizeitparks ist es lustig, wie z.B. auf dem Skywalk in Scheidegg &#8230;<\/p>\n<\/div><figure class=\"wp-block-media-text__media\"><img loading=\"lazy\" decoding=\"async\" width=\"1024\" height=\"768\" src=\"http:\/\/handinhand-ferien.de\/wp-content\/uploads\/2024\/12\/161021a-4-scaled-1-1024x768.webp\" alt=\"\" class=\"wp-image-47 size-full\" srcset=\"https:\/\/handinhand-ferien.de\/wp-content\/uploads\/2024\/12\/161021a-4-scaled-1-1024x768.webp 1024w, https:\/\/handinhand-ferien.de\/wp-content\/uploads\/2024\/12\/161021a-4-scaled-1-300x225.webp 300w, https:\/\/handinhand-ferien.de\/wp-content\/uploads\/2024\/12\/161021a-4-scaled-1-768x576.webp 768w, https:\/\/handinhand-ferien.de\/wp-content\/uploads\/2024\/12\/161021a-4-scaled-1.webp 1344w\" sizes=\"auto, (max-width: 1024px) 100vw, 1024px\" \/><\/figure><\/div>\n\n\n\n<p><\/p>\n","protected":false},"excerpt":{"rendered":"<p>Willkommen beim Ferienhaus Hand In Hand Versorgen Sie Angeh\u00f6rige, Eltern oder Kin\u00adder mit Behinderung zu Hause? Haben Sie selbst ein [&hellip;]<\/p>\n","protected":false},"author":2,"featured_media":0,"parent":0,"menu_order":0,"comment_status":"closed","ping_status":"closed","template":"","meta":{"site-sidebar-layout":"default","site-content-layout":"","ast-site-content-layout":"","site-content-style":"default","site-sidebar-style":"default","ast-global-header-display":"","ast-banner-title-visibility":"","ast-main-header-display":"","ast-hfb-above-header-display":"","ast-hfb-below-header-display":"","ast-hfb-mobile-header-display":"","site-post-title":"","ast-breadcrumbs-content":"","ast-featured-img":"","footer-sml-layout":"","theme-transparent-header-meta":"","adv-header-id-meta":"","stick-header-meta":"","header-above-stick-meta":"","header-main-stick-meta":"","header-below-stick-meta":"","astra-migrate-meta-layouts":"default","ast-page-background-enabled":"default","ast-page-background-meta":{"desktop":{"background-color":"var(--ast-global-color-4)","background-image":"","background-repeat":"repeat","background-position":"center center","background-size":"auto","background-attachment":"scroll","background-type":"","background-media":"","overlay-type":"","overlay-color":"","overlay-opacity":"","overlay-gradient":""},"tablet":{"background-color":"","background-image":"","background-repeat":"repeat","background-position":"center center","background-size":"auto","background-attachment":"scroll","background-type":"","background-media":"","overlay-type":"","overlay-color":"","overlay-opacity":"","overlay-gradient":""},"mobile":{"background-color":"","background-image":"","background-repeat":"repeat","background-position":"center center","background-size":"auto","background-attachment":"scroll","background-type":"","background-media":"","overlay-type":"","overlay-color":"","overlay-opacity":"","overlay-gradient":""}},"ast-content-background-meta":{"desktop":{"background-color":"var(--ast-global-color-5)","background-image":"","background-repeat":"repeat","background-position":"center center","background-size":"auto","background-attachment":"scroll","background-type":"","background-media":"","overlay-type":"","overlay-color":"","overlay-opacity":"","overlay-gradient":""},"tablet":{"background-color":"var(--ast-global-color-5)","background-image":"","background-repeat":"repeat","background-position":"center center","background-size":"auto","background-attachment":"scroll","background-type":"","background-media":"","overlay-type":"","overlay-color":"","overlay-opacity":"","overlay-gradient":""},"mobile":{"background-color":"var(--ast-global-color-5)","background-image":"","background-repeat":"repeat","background-position":"center center","background-size":"auto","background-attachment":"scroll","background-type":"","background-media":"","overlay-type":"","overlay-color":"","overlay-opacity":"","overlay-gradient":""}},"footnotes":""},"class_list":["post-28","page","type-page","status-publish","hentry"],"_links":{"self":[{"href":"https:\/\/handinhand-ferien.de\/index.php?rest_route=\/wp\/v2\/pages\/28","targetHints":{"allow":["GET"]}}],"collection":[{"href":"https:\/\/handinhand-ferien.de\/index.php?rest_route=\/wp\/v2\/pages"}],"about":[{"href":"https:\/\/handinhand-ferien.de\/index.php?rest_route=\/wp\/v2\/types\/page"}],"author":[{"embeddable":true,"href":"https:\/\/handinhand-ferien.de\/index.php?rest_route=\/wp\/v2\/users\/2"}],"replies":[{"embeddable":true,"href":"https:\/\/handinhand-ferien.de\/index.php?rest_route=%2Fwp%2Fv2%2Fcomments&post=28"}],"version-history":[{"count":12,"href":"https:\/\/handinhand-ferien.de\/index.php?rest_route=\/wp\/v2\/pages\/28\/revisions"}],"predecessor-version":[{"id":368,"href":"https:\/\/handinhand-ferien.de\/index.php?rest_route=\/wp\/v2\/pages\/28\/revisions\/368"}],"wp:attachment":[{"href":"https:\/\/handinhand-ferien.de\/index.php?rest_route=%2Fwp%2Fv2%2Fmedia&parent=28"}],"curies":[{"name":"wp","href":"https:\/\/api.w.org\/{rel}","templated":true}]}}